{"id":37,"date":"2024-03-03T12:21:09","date_gmt":"2024-03-03T11:21:09","guid":{"rendered":"https:\/\/espazvert.fr\/?page_id=37"},"modified":"2024-03-03T13:31:37","modified_gmt":"2024-03-03T12:31:37","slug":"loi-debroussaillement","status":"publish","type":"page","link":"https:\/\/espazvert.fr\/index.php\/loi-debroussaillement\/","title":{"rendered":"Loi d\u00e9broussaillement"},"content":{"rendered":"<p>[et_pb_section fb_built=&#8221;1&#8243; _builder_version=&#8221;4.24.2&#8243; _module_preset=&#8221;default&#8221; background_color=&#8221;rgba(0,0,0,0.2)&#8221; background_image=&#8221;https:\/\/espazvert.fr\/wp-content\/uploads\/2024\/03\/debroussaillage-draguignan.jpg&#8221; background_blend=&#8221;multiply&#8221; hover_enabled=&#8221;0&#8243; global_colors_info=&#8221;{}&#8221; sticky_enabled=&#8221;0&#8243;][et_pb_row _builder_version=&#8221;4.24.2&#8243; _module_preset=&#8221;default&#8221; custom_margin=&#8221;|auto|46px|auto||&#8221; global_colors_info=&#8221;{}&#8221;][et_pb_column type=&#8221;4_4&#8243; _builder_version=&#8221;4.24.2&#8243; _module_preset=&#8221;default&#8221; global_colors_info=&#8221;{}&#8221;][et_pb_text _builder_version=&#8221;4.24.2&#8243; _module_preset=&#8221;default&#8221; header_font=&#8221;|700||on|||||&#8221; header_text_align=&#8221;center&#8221; header_text_color=&#8221;#FFFFFF&#8221; header_font_size_tablet=&#8221;&#8221; header_font_size_phone=&#8221;27px&#8221; header_font_size_last_edited=&#8221;on|phone&#8221; header_text_shadow_style=&#8221;preset1&#8243; global_colors_info=&#8221;{}&#8221;]<\/p>\n<h1 class=\"\">Pour se prot\u00e9ger des feux de for\u00eats, le d\u00e9broussaillement est obligatoire dans le Var<\/h1>\n<p>[\/et_pb_text][\/et_pb_column][\/et_pb_row][\/et_pb_section][et_pb_section fb_built=&#8221;1&#8243; _builder_version=&#8221;4.24.2&#8243; _module_preset=&#8221;default&#8221; global_colors_info=&#8221;{}&#8221;][et_pb_row _builder_version=&#8221;4.24.2&#8243; _module_preset=&#8221;default&#8221; global_colors_info=&#8221;{}&#8221;][et_pb_column type=&#8221;4_4&#8243; _builder_version=&#8221;4.24.2&#8243; _module_preset=&#8221;default&#8221; global_colors_info=&#8221;{}&#8221;][et_pb_text _builder_version=&#8221;4.24.2&#8243; _module_preset=&#8221;default&#8221; hover_enabled=&#8221;0&#8243; global_colors_info=&#8221;{}&#8221; sticky_enabled=&#8221;0&#8243;]<\/p>\n<h1 class=\"\" style=\"text-align: justify;\"><\/h1>\n<div class=\"fr-grid-row fr-mb-2w\" style=\"text-align: justify;\">\n<div class=\"fr-col-5 fr-col-md-6\">\n<div id=\"da3307855b4ddeb75c2a26c36b301061\" class=\"fr-tag\" data-fr-js-tag-actionee=\"true\"><span class=\"fr-displayed-lg\">Mis \u00e0 jour le\u00a0<\/span><span>04\/01\/2024<\/span><\/div>\n<\/div>\n<\/div>\n<div class=\"fr-grid-row fr-grid-row--center\" style=\"text-align: justify;\">\n<div class=\"fr-col-12 fr-col-sm-8\">\n<figure class=\"fr-content-media\" role=\"group\">\n<div class=\"fr-content-media__img\"><img decoding=\"async\" class=\"fr-responsive-img\" src=\"https:\/\/www.var.gouv.fr\/var\/ide_site\/storage\/images\/actions-de-l-etat\/foret\/debroussaillement\/debroussaillement-obligatoire-dans-le-var\/177436-1-fre-FR\/Debroussaillement-obligatoire-dans-le-Var_large.png\" alt=\"D\u00e9brousailler\" data-fr-js-ratio=\"true\" \/><\/div>\n<\/figure>\n<\/div>\n<\/div>\n<div class=\"fr-text--lead\" style=\"text-align: justify;\">\n<p><b>Dans le Var, d\u00e9broussailler son terrain et les abords de son habitation est une obligation. C\u2019est aussi la meilleure des protections pour vous, vos biens et la nature environnante.<\/b><\/p>\n<\/div>\n<h4 style=\"text-align: justify;\">D\u00e9broussailler, pourquoi ?<\/h4>\n<p style=\"text-align: justify;\"><u>Le Var<\/u><span>\u00a0<\/span>est le d\u00e9partement le plus bois\u00e9 de la r\u00e9gion Provence-Alpes-C\u00f4te d\u2019Azur (67\u00a0% de sa superficie soit plus de 388\u00a0000\u00a0ha). En ajoutant ses 68\u00a0000\u00a0ha de landes, le territoire est constitu\u00e9 \u00e0 76\u00a0% d\u2019espaces combustibles.<\/p>\n<p style=\"text-align: justify;\"><u>Le Var<\/u><span>\u00a0<\/span>est ainsi extr\u00eamement vuln\u00e9rable aux incendies et ce niveau de risque est aggrav\u00e9 par une conjonction de facteurs d\u00e9favorables\u00a0:<\/p>\n<ul style=\"text-align: justify;\">\n<li><b>climatiques\u00a0:<\/b><span>\u00a0<\/span>les vents forts, un climat tr\u00e8s sec et les fortes chaleurs rendent la v\u00e9g\u00e9tation fortement inflammable et combustible\u00a0;<\/li>\n<li><b>topographiques\u00a0:<\/b><span>\u00a0<\/span>les massifs forestiers, souvent non isol\u00e9s les uns des autres, facilitent le passage du feu, et le relief souvent tourment\u00e9 acc\u00e9l\u00e8re le feu \u00e0 la mont\u00e9e\u00a0;<\/li>\n<li><b>anthropiques\u00a0:<\/b><span>\u00a0<\/span>Les nombreuses infrastructures ou habitations au contact des for\u00eats augmentent le risque d\u2019\u00e9closion des incendies et multiplient les enjeux \u00e0 d\u00e9fendre. Dans le Var, 9 d\u00e9parts de feux sur 10 sont li\u00e9s \u00e0 l\u2019activit\u00e9 humaine.<\/li>\n<\/ul>\n<p style=\"text-align: justify;\">Toutes les communes du Var sont ainsi expos\u00e9es au risque \u00ab\u00a0feu de for\u00eat\u00a0\u00bb, et le d\u00e9broussaillement fait partie int\u00e9grante de la d\u00e9fense des for\u00eats contre l\u2019incendie.<\/p>\n<p style=\"text-align: justify;\">Les feux majeurs de 2021 et 2022 nous rappellent l\u2019importance du risque d\u2019incendie de for\u00eat et de v\u00e9g\u00e9tation. Le changement climatique intensifie ce risque\u00a0: la saison des feux s\u2019allonge et le risque s\u2019\u00e9tend progressivement dans de nouvelles r\u00e9gions. Pour pr\u00e9venir ce danger, le d\u00e9broussaillement de votre terrain et des abords de votre habitation est la meilleure des protections pour vous, vos biens et la nature environnante. Le d\u00e9broussaillement est la ceinture de s\u00e9curit\u00e9 de votre habitation face aux feux\u00a0: il limite leur propagation et facilite l\u2019intervention des sapeurs-pompiers.<\/p>\n<p style=\"text-align: justify;\"><b>En d\u00e9broussaillant votre terrain, vous investissez donc pour votre s\u00e9curit\u00e9.<\/b><\/p>\n<h4 style=\"text-align: justify;\">D\u00e9broussailler, c\u2019est quoi ?<\/h4>\n<p style=\"text-align: justify;\">D\u00e9broussailler vise \u00e0 r\u00e9duire la masse de v\u00e9g\u00e9taux autour de vos b\u00e2timents ou autre \u00e9quipement. Ce n\u2019est ni une coupe rase, ni un d\u00e9frichement. R\u00e9duire cette masse permet de diminuer l\u2019intensit\u00e9 des feux et de limiter leur propagation. Les premiers travaux de d\u00e9broussaillement comportent souvent de l\u2019\u00e9lagage et peuvent n\u00e9cessiter d\u2019abattre certains arbres. Une fois le d\u00e9broussaillement initial r\u00e9alis\u00e9, les d\u00e9broussaillements suivants consistent surtout en de l\u2019entretien et de la suppression de broussailles (herbac\u00e9es et arbustes).<\/p>\n<p style=\"text-align: justify;\">Dans le Var, l\u2019obligation l\u00e9gale de d\u00e9broussaillement (OLD) est r\u00e9glement\u00e9e par l\u2019arr\u00eat\u00e9 pr\u00e9fectoral du 30 mars 2015.<\/p>\n<p style=\"text-align: justify;\"><b>\u2022 T\u00e9l\u00e9charger :<\/b><\/p>\n<p style=\"text-align: justify;\">\u2192<span>\u00a0<\/span><span style=\"color: #7cda24;\"><a href=\"https:\/\/www.var.gouv.fr\/contenu\/telechargement\/28069\/190290\/file\/AP%20du%2030%20mars%202015%20portant%20r%C3%A9glement%20permanent%20du%20d%C3%A9broussaillement%20obligatoire%20et%20du%20maintien%20en%20%C3%A9tat%20d%C3%A9broussaill%C3%A9%20dans%20le%20Var%20.pdf\" id=\"36c24cdcb870ca2f70f17430f5aa0fec\" rel=\"noopener external\" title=\"Visiter le site \/contenu\/telechargement\/28069\/190290\/file\/AP du 30 mars 2015 portant r\u00e9glement permanent du d\u00e9broussaillement obligatoire et du maintien en \u00e9tat d\u00e9broussaill\u00e9 dans le Var .pdf - nouvelle fen\u00eatre\" target=\"_blank\" class=\"fr-link\" data-fr-js-link-actionee=\"true\" style=\"color: #7cda24;\">AP du 30 mars 2015 portant r\u00e9glement permanent du d\u00e9broussaillement obligatoire et du maintien en \u00e9tat d\u00e9broussaill\u00e9 dans le Var.\u00a0<\/a><\/span><\/p>\n<h4 style=\"text-align: justify;\">O\u00f9 faut-il d\u00e9broussailler ?<\/h4>\n<p style=\"text-align: justify;\">Conform\u00e9ment \u00e0 l\u2019arr\u00eat\u00e9 pr\u00e9fectoral du 30 mars 2015, vous devez d\u00e9broussailler si vous \u00eates propri\u00e9taire de b\u00e2timents, parcelles ou d\u2019\u00e9quipements situ\u00e9s \u00e0 moins de 200 m\u00e8tres de bois, for\u00eats, landes, maquis et garrigues\u00a0:<\/p>\n<ul style=\"text-align: justify;\">\n<li><b>Hors zone urbaine,<\/b><span>\u00a0<\/span>le d\u00e9broussaillement doit se faire dans un rayon de 50 m autour de toute construction ou \u00e9quipement (ou 100 m\u00e8tres sur la d\u00e9cision du maire ou du pr\u00e9fet\u00a0; se renseigner aupr\u00e8s de sa mairie), et 2 m de part et d\u2019autres des voies d\u2019acc\u00e8s aux installations \u00e0 prot\u00e9ger\u00a0;<\/li>\n<li><b>En zone urbaine<\/b><span>\u00a0<\/span>(terrains b\u00e2tis ou non b\u00e2tis, ZAC, lotissement), il faut d\u00e9broussailler l\u2019ensemble de la parcelle.<\/li>\n<\/ul>\n<div class=\"object-left\" style=\"text-align: justify;\">\n<figure id=\"2b86f566357822f258d9c4bc6f259385\" role=\"group\" class=\"fr-content-media embed-image\">\n<div class=\"fr-content-media__img\"><img decoding=\"async\" class=\"fr-responsive-img\" src=\"https:\/\/www.var.gouv.fr\/var\/ide_site\/storage\/images\/media\/images\/carte_old-c66bd\/177448-1-fre-FR\/carte_old-c66bd_medium.png\" alt=\"Une cartographie indicative\" data-fr-js-ratio=\"true\" \/><\/div>\n<\/figure>\n<\/div>\n<p style=\"text-align: justify;\"><span style=\"color: #7cda24;\"><a href=\"https:\/\/www.var.gouv.fr\/Actions-de-l-Etat\/Foret\/Debroussaillement\/Cartes-des-zones-d-application-des-obligations-legales-de-debroussaillement\" id=\"a4021d7e2dd3348d9ee1f8f41358faef\" title=\"cartes de d\u00e9brousaillement\" target=\"_self\" class=\"fr-link\" data-fr-js-link-actionee=\"true\" style=\"color: #7cda24;\" rel=\"noopener\">Une cartographie indicative des zones soumises \u00e0 OLD par commune<\/a><\/span><span>\u00a0<\/span>est disponible sur ce m\u00eame site.<\/p>\n<p style=\"text-align: justify;\">\n<h4 style=\"text-align: justify;\">Comment d\u00e9broussailler pour \u00eatre en s\u00e9curit\u00e9 et en toute conformit\u00e9?<\/h4>\n<p style=\"text-align: justify;\">Dans le Var, le d\u00e9broussaillement doit \u00eatre r\u00e9alis\u00e9 selon les modalit\u00e9s de l\u2019arr\u00eat\u00e9 pr\u00e9fectoral du 30 mars 2015.<br \/>De fa\u00e7on synth\u00e9tique, cela consiste \u00e0\u00a0:<\/p>\n<ul style=\"text-align: justify;\">\n<li>\u00c9liminer tous les bois morts, broussailles et herbes s\u00e8ches\u00a0;<\/li>\n<li>Couper toute branche \u00e0 moins de 3 m des constructions et des toitures\u00a0;<\/li>\n<li>Espacer les arbres de 3m les uns des autres\u00a0;<\/li>\n<li>Maintenir rase la v\u00e9g\u00e9tation au sol\u00a0;<\/li>\n<li>\u00c9laguer les branches basses jusqu\u2019\u00e0 2,50 m de hauteur et supprimer les arbustes en sous-\u00e9tage des arbres\u00a0;<\/li>\n<\/ul>\n<p style=\"text-align: justify;\">D\u00e9gager un gabarit de passage de 4 m sur les voies d\u2019acc\u00e8s avec 2 m de d\u00e9broussaillement.<\/p>\n<p style=\"text-align: justify;\"><b>\u2022 T\u00e9l\u00e9charger :<\/b><\/p>\n<p style=\"text-align: justify;\">\u2192<span style=\"color: #7cda24;\">\u00a0<a href=\"https:\/\/www.var.gouv.fr\/contenu\/telechargement\/28073\/190309\/file\/Plaquette%20sur%20l'obligation%20de%20d%C3%A9broussailler%20dans%20le%20Var.pdf\" id=\"061b47fea7c716dc3b3fe4555499b789\" rel=\"noopener external\" title=\"Visiter le site \/contenu\/telechargement\/28073\/190309\/file\/Plaquette sur l'obligation de d\u00e9broussailler dans le Var.pdf - nouvelle fen\u00eatre\" target=\"_blank\" class=\"fr-link\" data-fr-js-link-actionee=\"true\" style=\"color: #7cda24;\">Plaquette sur l&#8217;obligation de d\u00e9broussailler dans le Var.\u00a0<\/a><\/span><\/p>\n<h4 style=\"text-align: justify;\">Qui est responsable du d\u00e9broussaillement?<\/h4>\n<p style=\"text-align: justify;\">Le propri\u00e9taire de l\u2019enjeu (construction, chantier, parcelle class\u00e9e en zone U, etc.) soumis \u00e0 OLD est responsable du d\u00e9broussaillement.<br \/>En zone d\u2019habitat relativement dense, il est fr\u00e9quent que les zones \u00e0 d\u00e9broussailler se superposent. Le code forestier a d\u00e9fini des r\u00e8gles d\u2019affectation de la responsabilit\u00e9 du d\u00e9broussaillement\u00a0:<\/p>\n<ul style=\"text-align: justify;\">\n<li>Si le propri\u00e9taire du fonds a lui-m\u00eame une obligation sur cette surface, il est responsable du d\u00e9broussaillement\u00a0;<\/li>\n<li>Si le propri\u00e9taire n\u2019a pas d\u2019obligation (ex\u00a0: parcelle en zone naturelle non b\u00e2tie sans enjeu soumis \u00e0 OLD). L\u2019obligataire, dont l\u2019enjeu soumis \u00e0 OLD est le plus proche de la zone \u00e0 d\u00e9broussailler, est responsable du d\u00e9broussaillement.<\/li>\n<\/ul>\n<p style=\"text-align: justify;\">Il est donc n\u00e9cessaire de faire un premier travail d\u2019analyse \u00e0 partir du plan cadastral disponible gratuitement sur le site<span>\u00a0<\/span><a href=\"https:\/\/www.cadastre.gouv.fr\/scpc\/rechercherPlan.do\" id=\"e5f31f40078851ddabe67e0dc583c8b6\" title=\"(nouvelle fenetre)\" target=\"_blank\" class=\"fr-link\" data-fr-js-link-actionee=\"true\" rel=\"noopener\">cadastre.gouv.fr\u00a0<\/a><br \/>Ainsi, selon la configuration de votre terrain, vous pouvez \u00eatre amen\u00e9s \u00e0 d\u00e9broussailler sur une parcelle voisine m\u00eame si vous n\u2019en \u00eates pas propri\u00e9taire.<\/p>\n<p style=\"text-align: justify;\"><b>Proc\u00e9dure pour intervenir sur un fonds voisin<\/b><br \/>Si un terrain voisin se trouve dans votre p\u00e9rim\u00e8tre de d\u00e9broussaillage, vous devez demander au propri\u00e9taire, par lettre recommand\u00e9e avec accus\u00e9 de r\u00e9ception, le droit de p\u00e9n\u00e9trer sur son terrain. S\u2019il vous refuse l\u2019acc\u00e8s \u00e0 sa propri\u00e9t\u00e9, les op\u00e9rations de d\u00e9broussaillage sont \u00e0 sa charge et deviennent de sa responsabilit\u00e9 (administrative et p\u00e9nale). Il vous faut en informer la mairie.<\/p>\n<p style=\"text-align: justify;\"><b>\u2022 T\u00e9l\u00e9charger :<\/b><\/p>\n<p style=\"text-align: justify;\">\u2192<span>\u00a0<\/span><span style=\"color: #7cda24;\"><a href=\"https:\/\/www.var.gouv.fr\/contenu\/telechargement\/28065\/190270\/file\/Mode%CC%80le%20de%20lettre%20a%CC%80%20l%E2%80%99usage%20des%20proprie%CC%81taires%20devant%20de%CC%81broussailler%20chez%20leurs%20voisins.pdf\" id=\"c3208b344e2913a0e8ce78369a0c1ebd\" rel=\"noopener external\" title=\"Visiter le site \/contenu\/telechargement\/28065\/190270\/file\/Mode\u0300le de lettre a\u0300 l\u2019usage des proprie\u0301taires devant de\u0301broussailler chez leurs voisins.pdf - nouvelle fen\u00eatre\" target=\"_blank\" class=\"fr-link\" data-fr-js-link-actionee=\"true\" style=\"color: #7cda24;\">Mode\u0300le de lettre a\u0300 l\u2019usage des proprie\u0301taires devant de\u0301broussailler chez leurs voisins.\u00a0<\/a><\/span><\/p>\n<h4 style=\"text-align: justify;\">Qui contr\u00f4le la bonne r\u00e9alisation du d\u00e9broussaillement?<\/h4>\n<ul style=\"text-align: justify;\">\n<li>Le maire s\u2019assure du respect des obligations l\u00e9gales de d\u00e9broussaillement (OLD) pour les constructions, campings, etc.<\/li>\n<li>Le pr\u00e9fet assure le contr\u00f4le des obligations l\u00e9gales de d\u00e9broussaillement des r\u00e9seaux lin\u00e9aires et des propri\u00e9t\u00e9s communales. Le pr\u00e9fet assure \u00e9galement des op\u00e9rations de contr\u00f4le en appui des maires ou en cas de carence de ces derniers.<\/li>\n<\/ul>\n<h4 style=\"text-align: justify;\">Que risque-t-on en cas de mauvaise ex\u00e9cution du d\u00e9broussaillement?<\/h4>\n<p style=\"text-align: justify;\">Si vous ne respectez pas l\u2019obligation de d\u00e9broussailler, vous vous exposez \u00e0 des mesures de police administrative et judiciaire qui peuvent \u00eatre prises ind\u00e9pendamment ou en concomitance.<\/p>\n<div class=\"fr-table\" data-fr-js-table=\"true\" data-fr-js-table-actionee=\"true\" style=\"text-align: justify;\">\n<table data-fr-js-table-element=\"true\">\n<tbody>\n<tr>\n<th valign=\"top\">En mati\u00e8re de police judiciaire<\/th>\n<th valign=\"top\">En mati\u00e8re de police administrative<\/th>\n<\/tr>\n<tr>\n<td valign=\"top\">&#8211;<b>Vous encourez une amende de 4\u00e8me classe<\/b><span>\u00a0<\/span>(de 135\u20ac, montant maxi 750\u20ac ou\u00a0 une amende forfaitaire major\u00e9e de 375 \u20ac), et de 5\u00e8me classe (1500\u20ac) si votre terrain est implant\u00e9 dans une<span>\u00a0<\/span><a id=\"7bd4e66a38a885b1da7d6cf49be3afae\" class=\"fr-link\" aria-describedby=\"tooltip-ZAC\" href=\"https:\/\/www.var.gouv.fr\/Outils\/Glossaire\/(namefilter)\/ZAC\" data-fr-js-tooltip-referent=\"true\" data-fr-js-link-actionee=\"true\">ZAC<span>\u00a0<\/span><\/a>, une AFU ou un lotissement.<br \/>Outre ces infractions contraventionnelles, en cas de mise en demeure non respect\u00e9e,<b>\u00a0l\u2019amende d\u00e9lictuelle est port\u00e9e \u00e0 30 \u20ac par m\u00e8tre carr\u00e9 non d\u00e9broussaill\u00e9<\/b>. Le tribunal peut \u00e9galement vous enjoindre, sous astreinte (taux compris entre 30\u20ac et 75\u20ac par hectare et par jour), de r\u00e9aliser les travaux dans un d\u00e9lai imparti.<\/td>\n<td valign=\"top\">&#8211; La commune peut vous<span>\u00a0<\/span><b>mettre en demeure de r\u00e9aliser le d\u00e9broussaillement<\/b>, et assortir sa mise en demeure d\u2019une<span>\u00a0<\/span><b>astreinte d\u2019un montant maximal de 100 \u20ac par jour<\/b>. Vous aurez \u00e0 payer cette astreinte \u00e0 partir de la notification de la mise en demeure et jusqu\u2019\u00e0 ce que vous fassiez le d\u00e9broussaillage, ou jusqu\u2019\u00e0 ce que le maire le fasse faire d\u2019office \u00e0 vos frais.<br \/>Par ailleurs, lorsque vous n\u2019avez pas proc\u00e9d\u00e9 aux travaux prescrits par la mise en demeure \u00e0 l\u2019expiration du d\u00e9lai fix\u00e9, le maire peut saisir l\u2019autorit\u00e9 administrative comp\u00e9tente de l\u2019\u00c9tat, qui peut prononcer une<span>\u00a0<\/span><b>amende administrative pouvant aller jusqu\u2019\u00e0 30\u20ac par m\u00b2<\/b><span>\u00a0<\/span>non d\u00e9broussaill\u00e9.<\/td>\n<\/tr>\n<\/tbody>\n<\/table>\n<\/div>\n<p style=\"text-align: justify;\"><b>Si le fait de ne pas avoir d\u00e9broussaill\u00e9 a permis la propagation d\u2019un incendie qui a d\u00e9truit le bien d\u2019autrui, vous pouvez \u00eatre condamn\u00e9 \u00e0 une peine allant jusqu\u2019\u00e0 1 an d\u2019emprisonnement et 15\u00a0000\u00a0\u20ac d&#8217;amende. S\u2019il s\u2019agit de votre logement, votre assureur peut appliquer une franchise suppl\u00e9mentaire de 5\u00a0000\u00a0\u20ac.<\/b><\/p>\n<p>[\/et_pb_text][\/et_pb_column][\/et_pb_row][\/et_pb_section]<\/p>\n","protected":false},"excerpt":{"rendered":"<p>Pour se prot\u00e9ger des feux de for\u00eats, le d\u00e9broussaillement est obligatoire dans le Var Mis \u00e0 jour le\u00a004\/01\/2024 Dans le Var, d\u00e9broussailler son terrain et les abords de son habitation est une obligation. C\u2019est aussi la meilleure des protections pour vous, vos biens et la nature environnante. D\u00e9broussailler, pourquoi ? Le Var\u00a0est le d\u00e9partement le [&hellip;]<\/p>\n","protected":false},"author":1,"featured_media":0,"parent":0,"menu_order":0,"comment_status":"closed","ping_status":"closed","template":"","meta":{"_et_pb_use_builder":"on","_et_pb_old_content":"","_et_gb_content_width":"","footnotes":""},"class_list":["post-37","page","type-page","status-publish","hentry"],"_links":{"self":[{"href":"https:\/\/espazvert.fr\/index.php\/wp-json\/wp\/v2\/pages\/37","targetHints":{"allow":["GET"]}}],"collection":[{"href":"https:\/\/espazvert.fr\/index.php\/wp-json\/wp\/v2\/pages"}],"about":[{"href":"https:\/\/espazvert.fr\/index.php\/wp-json\/wp\/v2\/types\/page"}],"author":[{"embeddable":true,"href":"https:\/\/espazvert.fr\/index.php\/wp-json\/wp\/v2\/users\/1"}],"replies":[{"embeddable":true,"href":"https:\/\/espazvert.fr\/index.php\/wp-json\/wp\/v2\/comments?post=37"}],"version-history":[{"count":4,"href":"https:\/\/espazvert.fr\/index.php\/wp-json\/wp\/v2\/pages\/37\/revisions"}],"predecessor-version":[{"id":69,"href":"https:\/\/espazvert.fr\/index.php\/wp-json\/wp\/v2\/pages\/37\/revisions\/69"}],"wp:attachment":[{"href":"https:\/\/espazvert.fr\/index.php\/wp-json\/wp\/v2\/media?parent=37"}],"curies":[{"name":"wp","href":"https:\/\/api.w.org\/{rel}","templated":true}]}}